{"id":18840,"date":"2023-05-02T01:06:36","date_gmt":"2023-05-02T04:06:36","guid":{"rendered":"https:\/\/www.ovelhaeletrica.com\/blog\/?page_id=18840"},"modified":"2023-05-07T20:42:08","modified_gmt":"2023-05-07T23:42:08","slug":"secoes","status":"publish","type":"page","link":"https:\/\/www.ovelhaeletrica.com\/blog\/secoes","title":{"rendered":"Se\u00e7\u00f5es"},"content":{"rendered":"<p>Tentamos organizar todo conte\u00fado em dois tipos de classifica\u00e7\u00e3o (categorias e tags). Em categoria vem o tema principal, mandat\u00f3rio (tentamos manter poucas categorias) e em tags deixamos uma organiza\u00e7\u00e3o secund\u00e1ria, focada no tema do post, mais ampla e vari\u00e1vel. O resultado est\u00e1 a\u00ed abaixo:<\/p>\n","protected":false},"excerpt":{"rendered":"<p>Tentamos organizar todo conte\u00fado em dois tipos de classifica\u00e7\u00e3o (categorias e tags). Em categoria vem o tema principal, mandat\u00f3rio (tentamos manter poucas categorias) e em tags deixamos uma organiza\u00e7\u00e3o secund\u00e1ria, focada no tema do post, mais ampla e vari\u00e1vel. O resultado est\u00e1 a\u00ed abaixo:<\/p>\n","protected":false},"author":9,"featured_media":0,"parent":0,"menu_order":0,"comment_status":"closed","ping_status":"closed","template":"","meta":{"footnotes":""},"class_list":["post-18840","page","type-page","status-publish","hentry"],"_links":{"self":[{"href":"https:\/\/www.ovelhaeletrica.com\/blog\/wp-json\/wp\/v2\/pages\/18840","targetHints":{"allow":["GET"]}}],"collection":[{"href":"https:\/\/www.ovelhaeletrica.com\/blog\/wp-json\/wp\/v2\/pages"}],"about":[{"href":"https:\/\/www.ovelhaeletrica.com\/blog\/wp-json\/wp\/v2\/types\/page"}],"author":[{"embeddable":true,"href":"https:\/\/www.ovelhaeletrica.com\/blog\/wp-json\/wp\/v2\/users\/9"}],"replies":[{"embeddable":true,"href":"https:\/\/www.ovelhaeletrica.com\/blog\/wp-json\/wp\/v2\/comments?post=18840"}],"version-history":[{"count":0,"href":"https:\/\/www.ovelhaeletrica.com\/blog\/wp-json\/wp\/v2\/pages\/18840\/revisions"}],"wp:attachment":[{"href":"https:\/\/www.ovelhaeletrica.com\/blog\/wp-json\/wp\/v2\/media?parent=18840"}],"curies":[{"name":"wp","href":"https:\/\/api.w.org\/{rel}","templated":true}]}}