{"id":18836,"date":"2023-05-01T22:44:13","date_gmt":"2023-05-02T01:44:13","guid":{"rendered":"https:\/\/www.ovelhaeletrica.com\/blog\/?page_id=18836"},"modified":"2023-05-02T01:06:24","modified_gmt":"2023-05-02T04:06:24","slug":"links","status":"publish","type":"page","link":"https:\/\/www.ovelhaeletrica.com\/blog\/links","title":{"rendered":"Links"},"content":{"rendered":"<p>Uma lista de links dos sites preferidos. <\/p>\n<h2>Anima\u00e7\u00e3o<\/h2>\n\t<ul class='xoxo blogroll'>\n<a href=\"https:\/\/twitter.com\/ani_obsessive\" title=\"Um twitter que nunca decepciona com o melhor da anima\u00e7\u00e3o. \" target=\"_blank\">Animation Obsessive<\/a>\nUm twitter que nunca decepciona com o melhor da anima\u00e7\u00e3o. <BR>\n<a href=\"http:\/\/www.cartoonbrew.com\" title=\"Outra boa fonte de not\u00edcias.\" target=\"_blank\">Cartoon Brew<\/a>\nOutra boa fonte de not\u00edcias.<BR>\n<a href=\"https:\/\/www.catsuka.com\/\" title=\"O melhor canal sobre anima\u00e7\u00f5es. \" target=\"_blank\">Catsuka<\/a>\nO melhor canal sobre anima\u00e7\u00f5es. <BR>\n<a href=\"http:\/\/floobynooby.blogspot.com\/\" title=\"Drops quase di\u00e1rios com o melhor em anima\u00e7\u00e3o.\" target=\"_blank\">Flooby Nooby<\/a>\nDrops quase di\u00e1rios com o melhor em anima\u00e7\u00e3o.<BR>\n<a href=\"https:\/\/www.youtube.com\/@abstractdaddy\" title=\"Os \u00e9picos animados de Justin Tomchuk.\" target=\"_blank\">u m a m i<\/a>\nOs \u00e9picos animados de Justin Tomchuk.<BR>\n<a href=\"https:\/\/www.youtube.com\/@vewn\/\" title=\"Victoria Vincent dando tapa na cara a cada novo curta.\" target=\"_blank\">vewn<\/a>\nVictoria Vincent dando tapa na cara a cada novo curta.<BR>\n\n\t<\/ul>\n\n<h2>Arte<\/h2>\n\t<ul class='xoxo blogroll'>\n<a href=\"https:\/\/poulwebb.blogspot.com\/\" title=\"Provavelmente um dos blogs de arte mais legais ainda no ar.\">ART &amp; ARTISTS<\/a>\nProvavelmente um dos blogs de arte mais legais ainda no ar.<BR>\n<a href=\"https:\/\/extension765.com\/\" title=\"O site pessoal do Steven Soderbergh\" target=\"_blank\">EXT 765<\/a>\nO site pessoal do Steven Soderbergh<BR>\n<a href=\"https:\/\/hyperallergic.com\/\" title=\"O atual status do mundo da arte. \" target=\"_blank\">Hyperallergic<\/a>\nO atual status do mundo da arte. <BR>\n<a href=\"https:\/\/www.youtube.com\/@jameskalm\" title=\"James \u00e9 um artista que faz visitas filmadas \u00e0 galerias de arte nos EUA.\" target=\"_blank\">jameskalm<\/a>\nJames \u00e9 um artista que faz visitas filmadas \u00e0 galerias de arte nos EUA.<BR>\n<a href=\"https:\/\/www.nowness.com\/\" title=\"Revista de cultura, com document\u00e1rios relaxantes e boas entrevistas.\" target=\"_blank\">Nowness<\/a>\nRevista de cultura, com document\u00e1rios relaxantes e boas entrevistas.<BR>\n<a href=\"http:\/\/ronaldsearle.blogspot.com\/\" title=\"Blog de f\u00e3s do cartunista brit\u00e2nico Ronald Searle.\" target=\"_blank\">Ronald Searle Tribute<\/a>\nBlog de f\u00e3s do cartunista brit\u00e2nico Ronald Searle.<BR>\n<a href=\"http:\/\/crookiesblog.blogspot.com\/\" title=\"A arte de Matthew Cruickshank.\" target=\"_blank\">Ye Crooked Leg<\/a>\nA arte de Matthew Cruickshank.<BR>\n\n\t<\/ul>\n\n<h2>Brodagem<\/h2>\n\t<ul class='xoxo blogroll'>\n<a href=\"https:\/\/www.youtube.com\/@againstty0\/\" title=\"Nosso antigo colaborador agora toca baixo.\" target=\"_blank\">againstty0<\/a>\nNosso antigo colaborador agora toca baixo.<BR>\n<a href=\"http:\/\/hacktoon.com\" title=\"Nosso vizinho cartunista geek.\" target=\"_blank\">Hacktoon!<\/a>\nNosso vizinho cartunista geek.<BR>\n\n\t<\/ul>\n\n<h2>Document\u00e1rios<\/h2>\n\t<ul class='xoxo blogroll'>\n<a href=\"http:\/\/www.sprword.com\/mustwatch.html\" title=\"Document\u00e1rios sobre pol\u00edtica, mundo e temas bizarros.\" target=\"_blank\">Must Watch<\/a>\nDocument\u00e1rios sobre pol\u00edtica, mundo e temas bizarros.<BR>\n<a href=\"https:\/\/forums.mvgroup.org\/\" title=\"F\u00f3rum fechado com muito document\u00e1rio em torrent.\" target=\"_blank\">mvgroup<\/a>\nF\u00f3rum fechado com muito document\u00e1rio em torrent.<BR>\n<a href=\"https:\/\/www.youtube.com\/user\/zefrank1\" title=\"Document\u00e1rios c\u00f4micos do cara que praticamente inventou o &#8220;viral&#8221;.\" target=\"_blank\">zefrank1<\/a>\nDocument\u00e1rios c\u00f4micos do cara que praticamente inventou o &#8220;viral&#8221;.<BR>\n\n\t<\/ul>\n\n<h2>Games<\/h2>\n\t<ul class='xoxo blogroll'>\n<a href=\"http:\/\/www.smestorp.com\/\" title=\"Michael Brough \u00e9 um game designer que sabe escrever.\" target=\"_blank\">Brog<\/a>\nMichael Brough \u00e9 um game designer que sabe escrever.<BR>\n<a href=\"https:\/\/indiegamesplus.com\/\" title=\"Principal site de not\u00edcias sobre games indie.\" target=\"_blank\">Indie Games +<\/a>\nPrincipal site de not\u00edcias sobre games indie.<BR>\n<a href=\"https:\/\/itch.io\/\" title=\"O primo hipster do Steam.\" target=\"_blank\">itch.io<\/a>\nO primo hipster do Steam.<BR>\n<a href=\"https:\/\/ldjam.com\/\" title=\"Um festival competitivo para desenvolvedores de games.\" target=\"_blank\">ludum dare<\/a>\nUm festival competitivo para desenvolvedores de games.<BR>\n\n\t<\/ul>\n\n<h2>In memorian<\/h2>\n\t<ul class='xoxo blogroll'>\n<a href=\"https:\/\/www.youtube.com\/c\/bytejacker\" title=\"Um canal pioneiro sobre indie games.\" target=\"_blank\">Bytejacker<\/a>\nUm canal pioneiro sobre indie games.<BR>\n<a href=\"https:\/\/www.youtube.com\/c\/DiggnationArchive\/videos?app=desktop\" title=\"Quase um telejornal, no Youtube, sobre internet.\" target=\"_blank\">Diggnation<\/a>\nQuase um telejornal, no Youtube, sobre internet.<BR>\n<a href=\"https:\/\/grainedit.com\" title=\"Um blog que falava de design.\" target=\"_blank\">Grain Edit<\/a>\nUm blog que falava de design.<BR>\n<a href=\"https:\/\/www.toshistation.com\/\" title=\"Serviu de inspira\u00e7\u00e3o pra muita coisa.\" target=\"_blank\">TOSHISTATION<\/a>\nServiu de inspira\u00e7\u00e3o pra muita coisa.<BR>\n\n\t<\/ul>\n\n<h2>Internet<\/h2>\n\t<ul class='xoxo blogroll'>\n<a href=\"https:\/\/blog.adafruit.com\/\" title=\"Eletr\u00f4nicos e cultura maker. \" target=\"_blank\">Adafruit<\/a>\nEletr\u00f4nicos e cultura maker. <BR>\n<a href=\"https:\/\/www.atlasobscura.com\/\" title=\"Provavelmente o site de turismo mais legal da internet.\" target=\"_blank\">Atlas Obscura<\/a>\nProvavelmente o site de turismo mais legal da internet.<BR>\n<a href=\"https:\/\/boingboing.net\/\" title=\"Um pouco de tudo. \">Boing Boing<\/a>\nUm pouco de tudo. <BR>\n<a href=\"https:\/\/dangerousminds.net\" title=\"M\u00fasica, tech, arte e muito mais.\" target=\"_blank\">Dangerous Minds<\/a>\nM\u00fasica, tech, arte e muito mais.<BR>\n<a href=\"https:\/\/hard-drive.net\/\" title=\"Not\u00edcias com ironia. \" target=\"_blank\">Hard Drive<\/a>\nNot\u00edcias com ironia. <BR>\n<a href=\"https:\/\/kottke.org\/\" title=\"O que seria do Ovelha se a gente levasse esse site a s\u00e9rio.\" target=\"_blank\">kottke<\/a>\nO que seria do Ovelha se a gente levasse esse site a s\u00e9rio.<BR>\n<a href=\"https:\/\/www.openculture.com\/\" title=\"Educa\u00e7\u00e3o e cultura. Com muitos cursos gratuitos.\" target=\"_blank\">Open Culture<\/a>\nEduca\u00e7\u00e3o e cultura. Com muitos cursos gratuitos.<BR>\n<a href=\"https:\/\/twitter.com\/WeirdlandTales\" title=\"Um arquivo hist\u00f3rico de cultura pop com muita arte, est\u00e9tica e visuais.\" target=\"_blank\">Tales from Weirdland<\/a>\nUm arquivo hist\u00f3rico de cultura pop com muita arte, est\u00e9tica e visuais.<BR>\n<a href=\"https:\/\/www.thefoxisblack.com\/\" title=\"Criatividade, cultura e desgin gr\u00e1fico muito bem selecionados.\" target=\"_blank\">The Fox Is Black<\/a>\nCriatividade, cultura e desgin gr\u00e1fico muito bem selecionados.<BR>\n\n\t<\/ul>\n\n<h2>Podcasts<\/h2>\n\t<ul class='xoxo blogroll'>\n<a href=\"https:\/\/www.duncantrussell.com\/\" title=\"Do autor de Midnight Gospel com entrevistas.\" target=\"_blank\">Duncan Trussell Family Hour<\/a>\nDo autor de Midnight Gospel com entrevistas.<BR>\n<a href=\"https:\/\/www.juxtapoz.com\/radio-juxtapoz\/\" title=\"Entrevistas com artistas pelos editores da revista.\" target=\"_blank\">Radio Juxtapoz<\/a>\nEntrevistas com artistas pelos editores da revista.<BR>\n<a href=\"https:\/\/podcast.magick.me\/\" title=\"Jason Louv e o novo pensamento. \" target=\"_blank\">Ultraculture With Jason Louv<\/a>\nJason Louv e o novo pensamento. <BR>\n\n\t<\/ul>\n\n<h2>Quadrinhos<\/h2>\n\t<ul class='xoxo blogroll'>\n<a href=\"https:\/\/danielclowes.tumblr.com\/\" title=\"Aparentemente abandonado, mas tem muita arte do Daniel Clowes.\" target=\"_blank\">Daniel Clowes (Tumblr)<\/a>\nAparentemente abandonado, mas tem muita arte do Daniel Clowes.<BR>\n<a href=\"https:\/\/jessemoynihan.com\" title=\"Diretor e roteirista, respons\u00e1vel pela HQ Forming.\" target=\"_blank\">Jesse Moynihan<\/a>\nDiretor e roteirista, respons\u00e1vel pela HQ Forming.<BR>\n\n\t<\/ul>\n\n<h2>Twitters<\/h2>\n\t<ul class='xoxo blogroll'>\n<a href=\"https:\/\/twitter.com\/psychotronica_\" title=\"Psicodelia anal\u00f3gica. \" target=\"_blank\">psychotronica<\/a>\nPsicodelia anal\u00f3gica. <BR>\n<a href=\"https:\/\/twitter.com\/WeirdlandTales\" title=\"Arte, cinema e muita coisa bizarra.\" target=\"_blank\">WEIRDLAND TV<\/a>\nArte, cinema e muita coisa bizarra.<BR>\n\n\t<\/ul>\n\n<h2>YouTube<\/h2>\n\t<ul class='xoxo blogroll'>\n<a href=\"https:\/\/www.youtube.com\/@tested\" title=\"Adam, do MythBusters, em carreira solo.\">Adam Savage&#039;s Tested<\/a>\nAdam, do MythBusters, em carreira solo.<BR>\n<a href=\"https:\/\/www.youtube.com\/@QuinnsIdeas\/\" title=\"Goste ou n\u00e3o, Casey Neistat sabe fazer vlog.\" target=\"_blank\">Casey Neistat<\/a>\nGoste ou n\u00e3o, Casey Neistat sabe fazer vlog.<BR>\n<a href=\"https:\/\/www.youtube.com\/user\/Nerdwriter1\" title=\"Filosofia pop.\" target=\"_blank\">Nerdwriter1<\/a>\nFilosofia pop.<BR>\n<a href=\"https:\/\/www.youtube.com\/@QuinnsIdeas\/\" title=\"Duna, Game of Thrones e Senhor dos An\u00e9is em pequenos ensaios.\" target=\"_blank\">Quinn&#039;s Ideas<\/a>\nDuna, Game of Thrones e Senhor dos An\u00e9is em pequenos ensaios.<BR>\n<a href=\"https:\/\/www.youtube.com\/@RhysticStudies\/\" title=\"Excelentes document\u00e1rios sobre Magic The Gathering.\" target=\"_blank\">Rhystic Studies<\/a>\nExcelentes document\u00e1rios sobre Magic The Gathering.<BR>\n<a href=\"https:\/\/www.youtube.com\/@The8BitGuy\/\" title=\"Nerdices sonoras e tecnologia retr\u00f4.\" target=\"_blank\">The 8-Bit Guy<\/a>\nNerdices sonoras e tecnologia retr\u00f4.<BR>\n<a href=\"https:\/\/www.youtube.com\/@theschooloflifetv\/\" title=\"Alain de Botton e sua filosofia animada.\" target=\"_blank\">The School of Life<\/a>\nAlain de Botton e sua filosofia animada.<BR>\n<a href=\"https:\/\/www.youtube.com\/@TheCrafsMan\" title=\"Crafsman gosta de artesanato e nerdices.\">TheCrafsMan SteadyCraftin<\/a>\nCrafsman gosta de artesanato e nerdices.<BR>\n<a href=\"https:\/\/www.youtube.com\/@vanneistat\" title=\"O irm\u00e3o do Casey Neistat e a arte da eterna manuten\u00e7\u00e3o zen.\" target=\"_blank\">Van Neistat<\/a>\nO irm\u00e3o do Casey Neistat e a arte da eterna manuten\u00e7\u00e3o zen.<BR>\n<a href=\"https:\/\/www.youtube.com\/@VICE\" title=\"Editoriais imprevis\u00edveis em \u00f3timos document\u00e1rios.\" target=\"_blank\">Vice<\/a>\nEditoriais imprevis\u00edveis em \u00f3timos document\u00e1rios.<BR>\n<a href=\"https:\/\/www.youtube.com\/@Vox\" title=\"Design, tecnologia, urbanismo, artes, um pouco de tudo.\" target=\"_blank\">Vox<\/a>\nDesign, tecnologia, urbanismo, artes, um pouco de tudo.<BR>\n\n\t<\/u\n","protected":false},"excerpt":{"rendered":"<p>Uma lista de links dos sites preferidos.<\/p>\n","protected":false},"author":9,"featured_media":0,"parent":0,"menu_order":0,"comment_status":"closed","ping_status":"closed","template":"links-ovelha","meta":{"footnotes":""},"class_list":["post-18836","page","type-page","status-publish","hentry"],"_links":{"self":[{"href":"https:\/\/www.ovelhaeletrica.com\/blog\/wp-json\/wp\/v2\/pages\/18836","targetHints":{"allow":["GET"]}}],"collection":[{"href":"https:\/\/www.ovelhaeletrica.com\/blog\/wp-json\/wp\/v2\/pages"}],"about":[{"href":"https:\/\/www.ovelhaeletrica.com\/blog\/wp-json\/wp\/v2\/types\/page"}],"author":[{"embeddable":true,"href":"https:\/\/www.ovelhaeletrica.com\/blog\/wp-json\/wp\/v2\/users\/9"}],"replies":[{"embeddable":true,"href":"https:\/\/www.ovelhaeletrica.com\/blog\/wp-json\/wp\/v2\/comments?post=18836"}],"version-history":[{"count":0,"href":"https:\/\/www.ovelhaeletrica.com\/blog\/wp-json\/wp\/v2\/pages\/18836\/revisions"}],"wp:attachment":[{"href":"https:\/\/www.ovelhaeletrica.com\/blog\/wp-json\/wp\/v2\/media?parent=18836"}],"curies":[{"name":"wp","href":"https:\/\/api.w.org\/{rel}","templated":true}]}}